{"id":2,"date":"2023-04-06T07:43:35","date_gmt":"2023-04-06T07:43:35","guid":{"rendered":"http:\/\/localhost\/wordpress\/?page_id=2"},"modified":"2026-03-19T11:57:30","modified_gmt":"2026-03-19T11:57:30","slug":"sample-page","status":"publish","type":"page","link":"https:\/\/www.chebtisk.cz\/?page_id=2","title":{"rendered":"reference"},"content":{"rendered":"\n<figure class=\"wp-block-image size-large is-style-default\"><img loading=\"lazy\" decoding=\"async\" width=\"1024\" height=\"146\" src=\"http:\/\/www.chebtisk.cz\/wp-content\/uploads\/2023\/04\/Evident_Logo_Color-1024x146.png\" alt=\"\" class=\"wp-image-691\" srcset=\"https:\/\/www.chebtisk.cz\/wp-content\/uploads\/2023\/04\/Evident_Logo_Color-1024x146.png 1024w, https:\/\/www.chebtisk.cz\/wp-content\/uploads\/2023\/04\/Evident_Logo_Color-300x43.png 300w, https:\/\/www.chebtisk.cz\/wp-content\/uploads\/2023\/04\/Evident_Logo_Color-768x109.png 768w, https:\/\/www.chebtisk.cz\/wp-content\/uploads\/2023\/04\/Evident_Logo_Color-1536x218.png 1536w, https:\/\/www.chebtisk.cz\/wp-content\/uploads\/2023\/04\/Evident_Logo_Color-2048x291.png 2048w\" sizes=\"auto, (max-width: 1024px) 100vw, 1024px\" \/><\/figure>\n\n\n\n<figure class=\"wp-block-image size-full is-style-default\"><img loading=\"lazy\" decoding=\"async\" width=\"758\" height=\"199\" src=\"http:\/\/www.chebtisk.cz\/wp-content\/uploads\/2023\/04\/logo-olympus-barva.png\" alt=\"\" class=\"wp-image-690\" srcset=\"https:\/\/www.chebtisk.cz\/wp-content\/uploads\/2023\/04\/logo-olympus-barva.png 758w, https:\/\/www.chebtisk.cz\/wp-content\/uploads\/2023\/04\/logo-olympus-barva-300x79.png 300w\" sizes=\"auto, (max-width: 758px) 100vw, 758px\" \/><\/figure>\n\n\n<div class=\"wp-block-image\">\n<figure class=\"aligncenter size-full is-resized\"><img loading=\"lazy\" decoding=\"async\" width=\"489\" height=\"275\" src=\"https:\/\/www.chebtisk.cz\/wp-content\/uploads\/2026\/02\/logoDigitalrgbjpggca-logo_gold-edited.jpg\" alt=\"\" class=\"wp-image-953\" style=\"width:785px;height:auto\" srcset=\"https:\/\/www.chebtisk.cz\/wp-content\/uploads\/2026\/02\/logoDigitalrgbjpggca-logo_gold-edited.jpg 489w, https:\/\/www.chebtisk.cz\/wp-content\/uploads\/2026\/02\/logoDigitalrgbjpggca-logo_gold-edited-300x169.jpg 300w\" sizes=\"auto, (max-width: 489px) 100vw, 489px\" \/><\/figure>\n<\/div>\n\n\n<figure class=\"wp-block-image size-large\"><a href=\"https:\/\/www.mondeso.com\/\" target=\"_blank\" rel=\" noreferrer noopener\"><img loading=\"lazy\" decoding=\"async\" width=\"1024\" height=\"653\" src=\"https:\/\/www.chebtisk.cz\/wp-content\/uploads\/2026\/03\/Mondeso_1_fullcolor@2000x-1024x653.png\" alt=\"\" class=\"wp-image-960\" srcset=\"https:\/\/www.chebtisk.cz\/wp-content\/uploads\/2026\/03\/Mondeso_1_fullcolor@2000x-1024x653.png 1024w, https:\/\/www.chebtisk.cz\/wp-content\/uploads\/2026\/03\/Mondeso_1_fullcolor@2000x-300x191.png 300w, https:\/\/www.chebtisk.cz\/wp-content\/uploads\/2026\/03\/Mondeso_1_fullcolor@2000x-768x490.png 768w, https:\/\/www.chebtisk.cz\/wp-content\/uploads\/2026\/03\/Mondeso_1_fullcolor@2000x-1536x979.png 1536w, https:\/\/www.chebtisk.cz\/wp-content\/uploads\/2026\/03\/Mondeso_1_fullcolor@2000x.png 2000w\" sizes=\"auto, (max-width: 1024px) 100vw, 1024px\" \/><\/a><\/figure>\n\n\n\n<figure class=\"wp-block-gallery has-nested-images columns-2 is-cropped wp-block-gallery-1 is-layout-flex wp-block-gallery-is-layout-flex\">\n<figure class=\"wp-block-image size-large\"><img loading=\"lazy\" decoding=\"async\" width=\"397\" height=\"551\" data-id=\"452\" src=\"https:\/\/www.chebtisk.cz\/wp-content\/uploads\/2023\/04\/GC-logo.jpg\" alt=\"\" class=\"wp-image-452\" srcset=\"https:\/\/www.chebtisk.cz\/wp-content\/uploads\/2023\/04\/GC-logo.jpg 397w, https:\/\/www.chebtisk.cz\/wp-content\/uploads\/2023\/04\/GC-logo-216x300.jpg 216w\" sizes=\"auto, (max-width: 397px) 100vw, 397px\" \/><\/figure>\n\n\n\n<figure class=\"wp-block-image size-large\"><img loading=\"lazy\" decoding=\"async\" width=\"397\" height=\"551\" data-id=\"449\" src=\"https:\/\/www.chebtisk.cz\/wp-content\/uploads\/2023\/04\/Bekaert-logo.jpg\" alt=\"\" class=\"wp-image-449\" srcset=\"https:\/\/www.chebtisk.cz\/wp-content\/uploads\/2023\/04\/Bekaert-logo.jpg 397w, https:\/\/www.chebtisk.cz\/wp-content\/uploads\/2023\/04\/Bekaert-logo-216x300.jpg 216w\" sizes=\"auto, (max-width: 397px) 100vw, 397px\" \/><\/figure>\n\n\n\n<figure class=\"wp-block-image size-large\"><img loading=\"lazy\" decoding=\"async\" width=\"385\" height=\"543\" data-id=\"453\" src=\"https:\/\/www.chebtisk.cz\/wp-content\/uploads\/2023\/04\/Skaldo-logo.jpg\" alt=\"\" class=\"wp-image-453\" srcset=\"https:\/\/www.chebtisk.cz\/wp-content\/uploads\/2023\/04\/Skaldo-logo.jpg 385w, https:\/\/www.chebtisk.cz\/wp-content\/uploads\/2023\/04\/Skaldo-logo-213x300.jpg 213w\" sizes=\"auto, (max-width: 385px) 100vw, 385px\" \/><\/figure>\n\n\n\n<figure class=\"wp-block-image size-large\"><img loading=\"lazy\" decoding=\"async\" width=\"385\" height=\"543\" data-id=\"451\" src=\"https:\/\/www.chebtisk.cz\/wp-content\/uploads\/2023\/04\/Heunisch-logo.jpg\" alt=\"\" class=\"wp-image-451\" srcset=\"https:\/\/www.chebtisk.cz\/wp-content\/uploads\/2023\/04\/Heunisch-logo.jpg 385w, https:\/\/www.chebtisk.cz\/wp-content\/uploads\/2023\/04\/Heunisch-logo-213x300.jpg 213w\" sizes=\"auto, (max-width: 385px) 100vw, 385px\" \/><\/figure>\n\n\n\n<figure class=\"wp-block-image size-large\"><img loading=\"lazy\" decoding=\"async\" width=\"385\" height=\"543\" data-id=\"454\" src=\"https:\/\/www.chebtisk.cz\/wp-content\/uploads\/2023\/04\/Heinz-Glas-logo.jpg\" alt=\"\" class=\"wp-image-454\" srcset=\"https:\/\/www.chebtisk.cz\/wp-content\/uploads\/2023\/04\/Heinz-Glas-logo.jpg 385w, https:\/\/www.chebtisk.cz\/wp-content\/uploads\/2023\/04\/Heinz-Glas-logo-213x300.jpg 213w\" sizes=\"auto, (max-width: 385px) 100vw, 385px\" \/><\/figure>\n<\/figure>\n\n\n\n<p>a mnoho dal\u0161\u00edch v\u00e1\u017een\u00fdch z\u00e1kazn\u00edk\u016f, v\u0161em velice d\u011bkujeme za d\u016fv\u011bru.<\/p>\n","protected":false},"excerpt":{"rendered":"<p>a mnoho dal\u0161\u00edch v\u00e1\u017een\u00fdch z\u00e1kazn\u00edk\u016f, v\u0161em velice d\u011bkujeme za d\u016fv\u011bru.<\/p>\n","protected":false},"author":1,"featured_media":46,"parent":0,"menu_order":0,"comment_status":"closed","ping_status":"closed","template":"","meta":{"footnotes":""},"class_list":["post-2","page","type-page","status-publish","has-post-thumbnail","hentry"],"_links":{"self":[{"href":"https:\/\/www.chebtisk.cz\/index.php?rest_route=\/wp\/v2\/pages\/2","targetHints":{"allow":["GET"]}}],"collection":[{"href":"https:\/\/www.chebtisk.cz\/index.php?rest_route=\/wp\/v2\/pages"}],"about":[{"href":"https:\/\/www.chebtisk.cz\/index.php?rest_route=\/wp\/v2\/types\/page"}],"author":[{"embeddable":true,"href":"https:\/\/www.chebtisk.cz\/index.php?rest_route=\/wp\/v2\/users\/1"}],"replies":[{"embeddable":true,"href":"https:\/\/www.chebtisk.cz\/index.php?rest_route=%2Fwp%2Fv2%2Fcomments&post=2"}],"version-history":[{"count":24,"href":"https:\/\/www.chebtisk.cz\/index.php?rest_route=\/wp\/v2\/pages\/2\/revisions"}],"predecessor-version":[{"id":963,"href":"https:\/\/www.chebtisk.cz\/index.php?rest_route=\/wp\/v2\/pages\/2\/revisions\/963"}],"wp:featuredmedia":[{"embeddable":true,"href":"https:\/\/www.chebtisk.cz\/index.php?rest_route=\/wp\/v2\/media\/46"}],"wp:attachment":[{"href":"https:\/\/www.chebtisk.cz\/index.php?rest_route=%2Fwp%2Fv2%2Fmedia&parent=2"}],"curies":[{"name":"wp","href":"https:\/\/api.w.org\/{rel}","templated":true}]}}