{"id":471,"date":"2023-04-07T11:18:17","date_gmt":"2023-04-07T11:18:17","guid":{"rendered":"https:\/\/www.chebtisk.cz\/?page_id=471"},"modified":"2026-02-04T16:36:58","modified_gmt":"2026-02-04T16:36:58","slug":"o-nas","status":"publish","type":"page","link":"https:\/\/www.chebtisk.cz\/?page_id=471","title":{"rendered":"o n\u00e1s"},"content":{"rendered":"\n<p>Spole\u010dnost CHEBSK\u00c1 TISK\u00c1RNA s.r.o. je rodinn\u00e1 firma p\u016fsob\u00edc\u00ed na \u010desk\u00e9m trhu od z\u00e1\u0159\u00ed roku 2001. Hlavn\u00edm zam\u011b\u0159en\u00edm podniku je zak\u00e1zkov\u00e1 v\u00fdroba tiskovin a reklamy.  Cel\u00e1 \u0159ada dal\u0161\u00edch produkt\u016f jako jsou nap\u0159. modern\u00ed LED light box st\u011bny, prezenta\u010dn\u00ed st\u00e1nky a pulty, sezonn\u00ed novoro\u010dn\u00ed p\u0159\u00e1n\u00ed a kalend\u00e1\u0159e v\u0161ech variant dopl\u0148uj\u00ed na\u0161e portfolio.<\/p>\n\n\n\n<p>Sv\u00e9 v\u00fdrobky dod\u00e1v\u00e1me nejen v \u010cesk\u00e9 republice ale tak\u00e9 do evropsk\u00fdch zem\u00ed jako jsou nap\u0159. N\u011bmecko, Polsko, Rumunsko, Belgie a dal\u0161\u00ed. Prost\u0159ednictv\u00edm na\u0161ich v\u00e1\u017een\u00fdch z\u00e1kazn\u00edk\u016f jako nap\u0159. koncernu OLYMPUS, EVIDENT a BEKAERTDESLEE se na\u0161e produkce dost\u00e1v\u00e1 na v\u0161echny kontinenty sv\u011bta.<\/p>\n\n\n\n<p>V\u00edce jak 25 let klademe d\u016fraz na kvalitn\u011b odvedenou pr\u00e1ci a z\u00e1kaznick\u00fd servis na \u00farovni z\u00e1padn\u00edho trhu. Komunikace se z\u00e1kazn\u00edkem prob\u00edh\u00e1 krom\u011b \u010de\u0161tiny tak\u00e9 v n\u011bm\u010din\u011b a angli\u010dtin\u011b. R\u00e1di V\u00e1s p\u0159iv\u00edt\u00e1me v na\u0161em rodinn\u00e9m kruhu a spole\u010dn\u011b najdeme to prav\u00e9<\/p>\n\n\n\n<p><strong><em>SOLUTION FOR YOUR SUCCESS<\/em>.<\/strong><\/p>\n\n\n\n<p><\/p>\n","protected":false},"excerpt":{"rendered":"<p>Spole\u010dnost CHEBSK\u00c1 TISK\u00c1RNA s.r.o. je rodinn\u00e1 firma p\u016fsob\u00edc\u00ed na \u010desk\u00e9m trhu od z\u00e1\u0159\u00ed roku 2001. Hlavn\u00edm zam\u011b\u0159en\u00edm podniku je zak\u00e1zkov\u00e1 v\u00fdroba tiskovin a reklamy. Cel\u00e1 \u0159ada dal\u0161\u00edch produkt\u016f jako jsou nap\u0159. modern\u00ed LED light box st\u011bny, prezenta\u010dn\u00ed st\u00e1nky a pulty, sezonn\u00ed novoro\u010dn\u00ed p\u0159\u00e1n\u00ed a kalend\u00e1\u0159e &hellip; <a href=\"https:\/\/www.chebtisk.cz\/?page_id=471\" class=\"more-link\"><span>Continue reading<span class=\"screen-reader-text\">o n\u00e1s<\/span><\/span><\/a><\/p>\n","protected":false},"author":1,"featured_media":0,"parent":0,"menu_order":0,"comment_status":"closed","ping_status":"closed","template":"","meta":{"footnotes":""},"class_list":["post-471","page","type-page","status-publish","hentry"],"_links":{"self":[{"href":"https:\/\/www.chebtisk.cz\/index.php?rest_route=\/wp\/v2\/pages\/471","targetHints":{"allow":["GET"]}}],"collection":[{"href":"https:\/\/www.chebtisk.cz\/index.php?rest_route=\/wp\/v2\/pages"}],"about":[{"href":"https:\/\/www.chebtisk.cz\/index.php?rest_route=\/wp\/v2\/types\/page"}],"author":[{"embeddable":true,"href":"https:\/\/www.chebtisk.cz\/index.php?rest_route=\/wp\/v2\/users\/1"}],"replies":[{"embeddable":true,"href":"https:\/\/www.chebtisk.cz\/index.php?rest_route=%2Fwp%2Fv2%2Fcomments&post=471"}],"version-history":[{"count":17,"href":"https:\/\/www.chebtisk.cz\/index.php?rest_route=\/wp\/v2\/pages\/471\/revisions"}],"predecessor-version":[{"id":892,"href":"https:\/\/www.chebtisk.cz\/index.php?rest_route=\/wp\/v2\/pages\/471\/revisions\/892"}],"wp:attachment":[{"href":"https:\/\/www.chebtisk.cz\/index.php?rest_route=%2Fwp%2Fv2%2Fmedia&parent=471"}],"curies":[{"name":"wp","href":"https:\/\/api.w.org\/{rel}","templated":true}]}}